{"id":137,"date":"2024-09-23T23:46:28","date_gmt":"2024-09-23T22:46:28","guid":{"rendered":"https:\/\/dev.thestradshop.com\/store\/product\/kruse-stradivari-violin-1721-poster\/"},"modified":"2025-09-28T14:59:06","modified_gmt":"2025-09-28T13:59:06","slug":"kruse-stradivari-violin-1721-poster","status":"publish","type":"product","link":"https:\/\/cremona.thestradshop.com\/store\/thestrad\/kruse-stradivari-violin-1721-poster\/","title":{"rendered":"&#8216;Kruse&#8217; Stradivari violin 1721 poster"},"content":{"rendered":"<p>Played by Kreutzer, Maurin and Stern, the 1721 &#8216;Kruse&#8217; is one of the master&#8217;s finest violins and remains in superb condition. Includes measurements<\/p>\n<p>\u2018The back arching, pushed out by the soundpost on the treble side, is bold, as if proud of its internal illustrious signature. The front arch is longer than the back and is also fuller in the C-bouts. It bers the specific ridge or \u201ceyebrow\u201d at the outside border of the f-holes caused by the combination of wing fluting, full arching and f-hole edge wear.\u2019 \u2013 Fr\u00e9d\u00e9ric Chaudi\u00e8re in the June 2006 issue<\/p>\n","protected":false},"excerpt":{"rendered":"<p>Our <a href=\"https:\/\/www.thestradshop.com\/store\/product-category\/the-strad-merchandise\/the-strad-merchandise-posters\/\">posters<\/a> are shipped separately from other products. One tube can hold up to 10 posters. Save on postage costs by <a href=\"https:\/\/www.thestradshop.com\/store\/product-category\/the-strad-merchandise\/the-strad-merchandise-posters\/\">purchasing up to 10 posters<\/a> per tube today.<\/p>\n","protected":false},"featured_media":1970,"template":"","meta":[],"product_brand":[],"product_cat":[163,108,112,154,92,96,16],"product_tag":[],"class_list":{"0":"post-137","1":"product","2":"type-product","3":"status-publish","4":"has-post-thumbnail","6":"product_cat-violin-poster","7":"product_cat-the-strad-merchandise","8":"product_cat-the-strad-merchandise-posters","9":"product_cat-flat-rolled-posters","10":"product_cat-lutherie","11":"product_cat-lutherie-posters","12":"product_cat-violin","13":"product_shipping_class-the-strad-posters","15":"first","16":"instock","17":"purchasable","18":"product-type-simple"},"bundled_by":[],"bundle_stock_status":"instock","bundle_stock_quantity":17,"bundle_virtual":false,"bundle_layout":"","bundle_add_to_cart_form_location":"","bundle_editable_in_cart":false,"bundle_sold_individually_context":"","bundle_item_grouping":"","bundle_min_size":"","bundle_max_size":"","bundle_price":[],"bundled_items":[],"bundle_sell_ids":[],"yoast_head":"<!-- This site is optimized with the Yoast SEO plugin v25.4 - https:\/\/yoast.com\/wordpress\/plugins\/seo\/ -->\n<title>&#039;Kruse&#039; Stradivari violin 1721 poster - The Strad Shop<\/title>\n<meta name=\"description\" content=\"&#039;Kruse&#039; Stradivari violin 1721 poster. Played by Kreutzer, Maurin and Stern, the 1721 &#039;Kruse&#039; is one of the master&#039;s finest violins and remains in superb condition.\" \/>\n<meta name=\"robots\" content=\"noindex, follow, max-snippet:-1, max-image-preview:large, max-video-preview:-1\" \/>\n<meta property=\"og:locale\" content=\"en_GB\" \/>\n<meta property=\"og:type\" content=\"article\" \/>\n<meta property=\"og:title\" content=\"&#039;Kruse&#039; Stradivari violin 1721 poster - The Strad Shop\" \/>\n<meta property=\"og:description\" content=\"&#039;Kruse&#039; Stradivari violin 1721 poster. Played by Kreutzer, Maurin and Stern, the 1721 &#039;Kruse&#039; is one of the master&#039;s finest violins and remains in superb condition.\" \/>\n<meta property=\"og:url\" content=\"https:\/\/cremona.thestradshop.com\/store\/thestrad\/kruse-stradivari-violin-1721-poster\/\" \/>\n<meta property=\"og:site_name\" content=\"The Strad Shop\" \/>\n<meta property=\"article:publisher\" content=\"http:\/\/www.facebook.com\/pages\/The-Strad\/261337077226434\" \/>\n<meta property=\"article:modified_time\" content=\"2025-09-28T13:59:06+00:00\" \/>\n<meta property=\"og:image\" content=\"https:\/\/cremona.thestradshop.com\/store\/wp-content\/uploads\/2022\/07\/kruse-violin-1721-P145-1.jpg\" \/>\n\t<meta property=\"og:image:width\" content=\"800\" \/>\n\t<meta property=\"og:image:height\" content=\"800\" \/>\n\t<meta property=\"og:image:type\" content=\"image\/jpeg\" \/>\n<meta name=\"twitter:card\" content=\"summary_large_image\" \/>\n<meta name=\"twitter:site\" content=\"@TheStradMag\" \/>\n<meta name=\"twitter:label1\" content=\"Estimated reading time\" \/>\n\t<meta name=\"twitter:data1\" content=\"1 minute\" \/>\n<script type=\"application\/ld+json\" class=\"yoast-schema-graph\">{\"@context\":\"https:\/\/schema.org\",\"@graph\":[{\"@type\":\"WebPage\",\"@id\":\"https:\/\/cremona.thestradshop.com\/store\/thestrad\/kruse-stradivari-violin-1721-poster\/\",\"url\":\"https:\/\/cremona.thestradshop.com\/store\/thestrad\/kruse-stradivari-violin-1721-poster\/\",\"name\":\"'Kruse' Stradivari violin 1721 poster - The Strad Shop\",\"isPartOf\":{\"@id\":\"https:\/\/cremona.thestradshop.com\/store\/#website\"},\"primaryImageOfPage\":{\"@id\":\"https:\/\/cremona.thestradshop.com\/store\/thestrad\/kruse-stradivari-violin-1721-poster\/#primaryimage\"},\"image\":{\"@id\":\"https:\/\/cremona.thestradshop.com\/store\/thestrad\/kruse-stradivari-violin-1721-poster\/#primaryimage\"},\"thumbnailUrl\":\"https:\/\/cremona.thestradshop.com\/store\/wp-content\/uploads\/2022\/07\/kruse-violin-1721-P145-1.jpg\",\"datePublished\":\"2024-09-23T22:46:28+00:00\",\"dateModified\":\"2025-09-28T13:59:06+00:00\",\"description\":\"'Kruse' Stradivari violin 1721 poster. Played by Kreutzer, Maurin and Stern, the 1721 'Kruse' is one of the master's finest violins and remains in superb condition.\",\"breadcrumb\":{\"@id\":\"https:\/\/cremona.thestradshop.com\/store\/thestrad\/kruse-stradivari-violin-1721-poster\/#breadcrumb\"},\"inLanguage\":\"en-GB\",\"potentialAction\":[{\"@type\":\"ReadAction\",\"target\":[\"https:\/\/cremona.thestradshop.com\/store\/thestrad\/kruse-stradivari-violin-1721-poster\/\"]}]},{\"@type\":\"ImageObject\",\"inLanguage\":\"en-GB\",\"@id\":\"https:\/\/cremona.thestradshop.com\/store\/thestrad\/kruse-stradivari-violin-1721-poster\/#primaryimage\",\"url\":\"https:\/\/cremona.thestradshop.com\/store\/wp-content\/uploads\/2022\/07\/kruse-violin-1721-P145-1.jpg\",\"contentUrl\":\"https:\/\/cremona.thestradshop.com\/store\/wp-content\/uploads\/2022\/07\/kruse-violin-1721-P145-1.jpg\",\"width\":800,\"height\":800},{\"@type\":\"BreadcrumbList\",\"@id\":\"https:\/\/cremona.thestradshop.com\/store\/thestrad\/kruse-stradivari-violin-1721-poster\/#breadcrumb\",\"itemListElement\":[{\"@type\":\"ListItem\",\"position\":1,\"name\":\"Home\",\"item\":\"https:\/\/cremona.thestradshop.com\/store\/\"},{\"@type\":\"ListItem\",\"position\":2,\"name\":\"Explore our shop\",\"item\":\"https:\/\/cremona.thestradshop.com\/store\/\"},{\"@type\":\"ListItem\",\"position\":3,\"name\":\"&#8216;Kruse&#8217; Stradivari violin 1721 poster\"}]},{\"@type\":\"WebSite\",\"@id\":\"https:\/\/cremona.thestradshop.com\/store\/#website\",\"url\":\"https:\/\/cremona.thestradshop.com\/store\/\",\"name\":\"The Strad Shop\",\"description\":\"The Strad\",\"publisher\":{\"@id\":\"https:\/\/cremona.thestradshop.com\/store\/#organization\"},\"potentialAction\":[{\"@type\":\"SearchAction\",\"target\":{\"@type\":\"EntryPoint\",\"urlTemplate\":\"https:\/\/cremona.thestradshop.com\/store\/?s={search_term_string}\"},\"query-input\":{\"@type\":\"PropertyValueSpecification\",\"valueRequired\":true,\"valueName\":\"search_term_string\"}}],\"inLanguage\":\"en-GB\"},{\"@type\":\"Organization\",\"@id\":\"https:\/\/cremona.thestradshop.com\/store\/#organization\",\"name\":\"The Strad\",\"url\":\"https:\/\/cremona.thestradshop.com\/store\/\",\"logo\":{\"@type\":\"ImageObject\",\"inLanguage\":\"en-GB\",\"@id\":\"https:\/\/cremona.thestradshop.com\/store\/#\/schema\/logo\/image\/\",\"url\":\"https:\/\/www.thestradshop.com\/store\/wp-content\/uploads\/2023\/05\/the-strad-shop-maintenance.png\",\"contentUrl\":\"https:\/\/www.thestradshop.com\/store\/wp-content\/uploads\/2023\/05\/the-strad-shop-maintenance.png\",\"width\":300,\"height\":62,\"caption\":\"The Strad\"},\"image\":{\"@id\":\"https:\/\/cremona.thestradshop.com\/store\/#\/schema\/logo\/image\/\"},\"sameAs\":[\"http:\/\/www.facebook.com\/pages\/The-Strad\/261337077226434\",\"https:\/\/x.com\/TheStradMag\",\"https:\/\/www.instagram.com\/the_strad_\/\",\"https:\/\/uk.linkedin.com\/company\/the-strad\"]}]}<\/script>\n<!-- \/ Yoast SEO plugin. -->","yoast_head_json":{"title":"'Kruse' Stradivari violin 1721 poster - The Strad Shop","description":"'Kruse' Stradivari violin 1721 poster. Played by Kreutzer, Maurin and Stern, the 1721 'Kruse' is one of the master's finest violins and remains in superb condition.","robots":{"index":"noindex","follow":"follow","max-snippet":"max-snippet:-1","max-image-preview":"max-image-preview:large","max-video-preview":"max-video-preview:-1"},"og_locale":"en_GB","og_type":"article","og_title":"'Kruse' Stradivari violin 1721 poster - The Strad Shop","og_description":"'Kruse' Stradivari violin 1721 poster. Played by Kreutzer, Maurin and Stern, the 1721 'Kruse' is one of the master's finest violins and remains in superb condition.","og_url":"https:\/\/cremona.thestradshop.com\/store\/thestrad\/kruse-stradivari-violin-1721-poster\/","og_site_name":"The Strad Shop","article_publisher":"http:\/\/www.facebook.com\/pages\/The-Strad\/261337077226434","article_modified_time":"2025-09-28T13:59:06+00:00","og_image":[{"width":800,"height":800,"url":"https:\/\/cremona.thestradshop.com\/store\/wp-content\/uploads\/2022\/07\/kruse-violin-1721-P145-1.jpg","type":"image\/jpeg"}],"twitter_card":"summary_large_image","twitter_site":"@TheStradMag","twitter_misc":{"Estimated reading time":"1 minute"},"schema":{"@context":"https:\/\/schema.org","@graph":[{"@type":"WebPage","@id":"https:\/\/cremona.thestradshop.com\/store\/thestrad\/kruse-stradivari-violin-1721-poster\/","url":"https:\/\/cremona.thestradshop.com\/store\/thestrad\/kruse-stradivari-violin-1721-poster\/","name":"'Kruse' Stradivari violin 1721 poster - The Strad Shop","isPartOf":{"@id":"https:\/\/cremona.thestradshop.com\/store\/#website"},"primaryImageOfPage":{"@id":"https:\/\/cremona.thestradshop.com\/store\/thestrad\/kruse-stradivari-violin-1721-poster\/#primaryimage"},"image":{"@id":"https:\/\/cremona.thestradshop.com\/store\/thestrad\/kruse-stradivari-violin-1721-poster\/#primaryimage"},"thumbnailUrl":"https:\/\/cremona.thestradshop.com\/store\/wp-content\/uploads\/2022\/07\/kruse-violin-1721-P145-1.jpg","datePublished":"2024-09-23T22:46:28+00:00","dateModified":"2025-09-28T13:59:06+00:00","description":"'Kruse' Stradivari violin 1721 poster. Played by Kreutzer, Maurin and Stern, the 1721 'Kruse' is one of the master's finest violins and remains in superb condition.","breadcrumb":{"@id":"https:\/\/cremona.thestradshop.com\/store\/thestrad\/kruse-stradivari-violin-1721-poster\/#breadcrumb"},"inLanguage":"en-GB","potentialAction":[{"@type":"ReadAction","target":["https:\/\/cremona.thestradshop.com\/store\/thestrad\/kruse-stradivari-violin-1721-poster\/"]}]},{"@type":"ImageObject","inLanguage":"en-GB","@id":"https:\/\/cremona.thestradshop.com\/store\/thestrad\/kruse-stradivari-violin-1721-poster\/#primaryimage","url":"https:\/\/cremona.thestradshop.com\/store\/wp-content\/uploads\/2022\/07\/kruse-violin-1721-P145-1.jpg","contentUrl":"https:\/\/cremona.thestradshop.com\/store\/wp-content\/uploads\/2022\/07\/kruse-violin-1721-P145-1.jpg","width":800,"height":800},{"@type":"BreadcrumbList","@id":"https:\/\/cremona.thestradshop.com\/store\/thestrad\/kruse-stradivari-violin-1721-poster\/#breadcrumb","itemListElement":[{"@type":"ListItem","position":1,"name":"Home","item":"https:\/\/cremona.thestradshop.com\/store\/"},{"@type":"ListItem","position":2,"name":"Explore our shop","item":"https:\/\/cremona.thestradshop.com\/store\/"},{"@type":"ListItem","position":3,"name":"&#8216;Kruse&#8217; Stradivari violin 1721 poster"}]},{"@type":"WebSite","@id":"https:\/\/cremona.thestradshop.com\/store\/#website","url":"https:\/\/cremona.thestradshop.com\/store\/","name":"The Strad Shop","description":"The Strad","publisher":{"@id":"https:\/\/cremona.thestradshop.com\/store\/#organization"},"potentialAction":[{"@type":"SearchAction","target":{"@type":"EntryPoint","urlTemplate":"https:\/\/cremona.thestradshop.com\/store\/?s={search_term_string}"},"query-input":{"@type":"PropertyValueSpecification","valueRequired":true,"valueName":"search_term_string"}}],"inLanguage":"en-GB"},{"@type":"Organization","@id":"https:\/\/cremona.thestradshop.com\/store\/#organization","name":"The Strad","url":"https:\/\/cremona.thestradshop.com\/store\/","logo":{"@type":"ImageObject","inLanguage":"en-GB","@id":"https:\/\/cremona.thestradshop.com\/store\/#\/schema\/logo\/image\/","url":"https:\/\/www.thestradshop.com\/store\/wp-content\/uploads\/2023\/05\/the-strad-shop-maintenance.png","contentUrl":"https:\/\/www.thestradshop.com\/store\/wp-content\/uploads\/2023\/05\/the-strad-shop-maintenance.png","width":300,"height":62,"caption":"The Strad"},"image":{"@id":"https:\/\/cremona.thestradshop.com\/store\/#\/schema\/logo\/image\/"},"sameAs":["http:\/\/www.facebook.com\/pages\/The-Strad\/261337077226434","https:\/\/x.com\/TheStradMag","https:\/\/www.instagram.com\/the_strad_\/","https:\/\/uk.linkedin.com\/company\/the-strad"]}]}},"_links":{"self":[{"href":"https:\/\/cremona.thestradshop.com\/store\/wp-json\/wp\/v2\/product\/137","targetHints":{"allow":["GET"]}}],"collection":[{"href":"https:\/\/cremona.thestradshop.com\/store\/wp-json\/wp\/v2\/product"}],"about":[{"href":"https:\/\/cremona.thestradshop.com\/store\/wp-json\/wp\/v2\/types\/product"}],"wp:featuredmedia":[{"embeddable":true,"href":"https:\/\/cremona.thestradshop.com\/store\/wp-json\/wp\/v2\/media\/1970"}],"wp:attachment":[{"href":"https:\/\/cremona.thestradshop.com\/store\/wp-json\/wp\/v2\/media?parent=137"}],"wp:term":[{"taxonomy":"product_brand","embeddable":true,"href":"https:\/\/cremona.thestradshop.com\/store\/wp-json\/wp\/v2\/product_brand?post=137"},{"taxonomy":"product_cat","embeddable":true,"href":"https:\/\/cremona.thestradshop.com\/store\/wp-json\/wp\/v2\/product_cat?post=137"},{"taxonomy":"product_tag","embeddable":true,"href":"https:\/\/cremona.thestradshop.com\/store\/wp-json\/wp\/v2\/product_tag?post=137"}],"curies":[{"name":"wp","href":"https:\/\/api.w.org\/{rel}","templated":true}]}}