{"id":139,"date":"2024-09-23T22:59:28","date_gmt":"2024-09-23T21:59:28","guid":{"rendered":"https:\/\/dev.thestradshop.com\/store\/product\/gasparo-da-salo-double-bass-c-1550-poster\/"},"modified":"2025-09-27T16:49:46","modified_gmt":"2025-09-27T15:49:46","slug":"gasparo-da-salo-double-bass-c-1550-poster","status":"publish","type":"product","link":"https:\/\/cremona.thestradshop.com\/store\/thestrad\/gasparo-da-salo-double-bass-c-1550-poster\/","title":{"rendered":"Gasparo da Sal\u00f2 double bass c.1550 poster"},"content":{"rendered":"<p>A magnificent double bass by the 16th-century Italian master Gasparo da Sal\u00f2, with original scroll. Includes measurements<\/p>\n<p>\u2018Extraordinary \u2013 this is the word that came into my mind the first time I saw this double bass. Just the sight of it is breathtaking. The model itself is exceptional \u2013 the round, well-sized middle bouts with their long corners fitting so agreeably the round, wide upper and lower bouts; and the upper block curve which runs steeply up towards the neck, making the instrument very comfortable to play.<\/p>\n<p>\u2018The table is also outstanding: the two-piece hazel spruce is of the finest quality and is fine-grained all over and strongly hazeled. Nowadays it would be very difficult to find a piece of wood like this, especially considering that not only is the bass 450 years old, but the wood used for the table would have come from a tree of around 200 years old at the time of making.<\/p>\n<p>\u2018In his typical manner, Gasparo da Sal\u00f2 keeps the arching low. There is no fluting from the edge and the arch finds its highest point quickly from the outline. At the breast the arching has sunk considerably \u2013 by 8mm \u2013 giving the whole arching a unique appearance.\u2019 \u2013 Stefan Krattenmacher<\/p>\n","protected":false},"excerpt":{"rendered":"<p>Our <a href=\"https:\/\/www.thestradshop.com\/store\/product-category\/the-strad-merchandise\/the-strad-merchandise-posters\/\">posters<\/a> are shipped separately from other products. One tube can hold up to 10 posters. Save on postage costs by <a href=\"https:\/\/www.thestradshop.com\/store\/product-category\/the-strad-merchandise\/the-strad-merchandise-posters\/\">purchasing up to 10 posters<\/a> per tube today.<\/p>\n","protected":false},"featured_media":1968,"template":"","meta":[],"product_brand":[],"product_cat":[108,112,154,92,96,73],"product_tag":[],"class_list":{"0":"post-139","1":"product","2":"type-product","3":"status-publish","4":"has-post-thumbnail","6":"product_cat-the-strad-merchandise","7":"product_cat-the-strad-merchandise-posters","8":"product_cat-flat-rolled-posters","9":"product_cat-lutherie","10":"product_cat-lutherie-posters","11":"product_cat-double-bass","12":"product_shipping_class-the-strad-posters","14":"first","15":"instock","16":"purchasable","17":"product-type-simple"},"bundled_by":[],"bundle_stock_status":"instock","bundle_stock_quantity":7,"bundle_virtual":false,"bundle_layout":"","bundle_add_to_cart_form_location":"","bundle_editable_in_cart":false,"bundle_sold_individually_context":"","bundle_item_grouping":"","bundle_min_size":"","bundle_max_size":"","bundle_price":[],"bundled_items":[],"bundle_sell_ids":[],"yoast_head":"<!-- This site is optimized with the Yoast SEO plugin v25.4 - https:\/\/yoast.com\/wordpress\/plugins\/seo\/ -->\n<title>Gasparo da Sal\u00f2 double bass c.1550 poster - The Strad Shop<\/title>\n<meta name=\"description\" content=\"Gasparo da Sal\u00f2 double bass c.1550 poster. A magnificent double bass by the 16th-century Italian master Gasparo da Sal\u00f2, with original scroll.\" \/>\n<meta name=\"robots\" content=\"noindex, follow, max-snippet:-1, max-image-preview:large, max-video-preview:-1\" \/>\n<meta property=\"og:locale\" content=\"en_GB\" \/>\n<meta property=\"og:type\" content=\"article\" \/>\n<meta property=\"og:title\" content=\"Gasparo da Sal\u00f2 double bass c.1550 poster - The Strad Shop\" \/>\n<meta property=\"og:description\" content=\"Gasparo da Sal\u00f2 double bass c.1550 poster. A magnificent double bass by the 16th-century Italian master Gasparo da Sal\u00f2, with original scroll.\" \/>\n<meta property=\"og:url\" content=\"https:\/\/cremona.thestradshop.com\/store\/thestrad\/gasparo-da-salo-double-bass-c-1550-poster\/\" \/>\n<meta property=\"og:site_name\" content=\"The Strad Shop\" \/>\n<meta property=\"article:publisher\" content=\"http:\/\/www.facebook.com\/pages\/The-Strad\/261337077226434\" \/>\n<meta property=\"article:modified_time\" content=\"2025-09-27T15:49:46+00:00\" \/>\n<meta property=\"og:image\" content=\"https:\/\/cremona.thestradshop.com\/store\/wp-content\/uploads\/2022\/07\/P205.jpg\" \/>\n\t<meta property=\"og:image:width\" content=\"800\" \/>\n\t<meta property=\"og:image:height\" content=\"800\" \/>\n\t<meta property=\"og:image:type\" content=\"image\/jpeg\" \/>\n<meta name=\"twitter:card\" content=\"summary_large_image\" \/>\n<meta name=\"twitter:site\" content=\"@TheStradMag\" \/>\n<meta name=\"twitter:label1\" content=\"Estimated reading time\" \/>\n\t<meta name=\"twitter:data1\" content=\"1 minute\" \/>\n<script type=\"application\/ld+json\" class=\"yoast-schema-graph\">{\"@context\":\"https:\/\/schema.org\",\"@graph\":[{\"@type\":\"WebPage\",\"@id\":\"https:\/\/cremona.thestradshop.com\/store\/thestrad\/gasparo-da-salo-double-bass-c-1550-poster\/\",\"url\":\"https:\/\/cremona.thestradshop.com\/store\/thestrad\/gasparo-da-salo-double-bass-c-1550-poster\/\",\"name\":\"Gasparo da Sal\u00f2 double bass c.1550 poster - The Strad Shop\",\"isPartOf\":{\"@id\":\"https:\/\/cremona.thestradshop.com\/store\/#website\"},\"primaryImageOfPage\":{\"@id\":\"https:\/\/cremona.thestradshop.com\/store\/thestrad\/gasparo-da-salo-double-bass-c-1550-poster\/#primaryimage\"},\"image\":{\"@id\":\"https:\/\/cremona.thestradshop.com\/store\/thestrad\/gasparo-da-salo-double-bass-c-1550-poster\/#primaryimage\"},\"thumbnailUrl\":\"https:\/\/cremona.thestradshop.com\/store\/wp-content\/uploads\/2022\/07\/P205.jpg\",\"datePublished\":\"2024-09-23T21:59:28+00:00\",\"dateModified\":\"2025-09-27T15:49:46+00:00\",\"description\":\"Gasparo da Sal\u00f2 double bass c.1550 poster. A magnificent double bass by the 16th-century Italian master Gasparo da Sal\u00f2, with original scroll.\",\"breadcrumb\":{\"@id\":\"https:\/\/cremona.thestradshop.com\/store\/thestrad\/gasparo-da-salo-double-bass-c-1550-poster\/#breadcrumb\"},\"inLanguage\":\"en-GB\",\"potentialAction\":[{\"@type\":\"ReadAction\",\"target\":[\"https:\/\/cremona.thestradshop.com\/store\/thestrad\/gasparo-da-salo-double-bass-c-1550-poster\/\"]}]},{\"@type\":\"ImageObject\",\"inLanguage\":\"en-GB\",\"@id\":\"https:\/\/cremona.thestradshop.com\/store\/thestrad\/gasparo-da-salo-double-bass-c-1550-poster\/#primaryimage\",\"url\":\"https:\/\/cremona.thestradshop.com\/store\/wp-content\/uploads\/2022\/07\/P205.jpg\",\"contentUrl\":\"https:\/\/cremona.thestradshop.com\/store\/wp-content\/uploads\/2022\/07\/P205.jpg\",\"width\":800,\"height\":800},{\"@type\":\"BreadcrumbList\",\"@id\":\"https:\/\/cremona.thestradshop.com\/store\/thestrad\/gasparo-da-salo-double-bass-c-1550-poster\/#breadcrumb\",\"itemListElement\":[{\"@type\":\"ListItem\",\"position\":1,\"name\":\"Home\",\"item\":\"https:\/\/cremona.thestradshop.com\/store\/\"},{\"@type\":\"ListItem\",\"position\":2,\"name\":\"Explore our shop\",\"item\":\"https:\/\/cremona.thestradshop.com\/store\/\"},{\"@type\":\"ListItem\",\"position\":3,\"name\":\"Gasparo da Sal\u00f2 double bass c.1550 poster\"}]},{\"@type\":\"WebSite\",\"@id\":\"https:\/\/cremona.thestradshop.com\/store\/#website\",\"url\":\"https:\/\/cremona.thestradshop.com\/store\/\",\"name\":\"The Strad Shop\",\"description\":\"The Strad\",\"publisher\":{\"@id\":\"https:\/\/cremona.thestradshop.com\/store\/#organization\"},\"potentialAction\":[{\"@type\":\"SearchAction\",\"target\":{\"@type\":\"EntryPoint\",\"urlTemplate\":\"https:\/\/cremona.thestradshop.com\/store\/?s={search_term_string}\"},\"query-input\":{\"@type\":\"PropertyValueSpecification\",\"valueRequired\":true,\"valueName\":\"search_term_string\"}}],\"inLanguage\":\"en-GB\"},{\"@type\":\"Organization\",\"@id\":\"https:\/\/cremona.thestradshop.com\/store\/#organization\",\"name\":\"The Strad\",\"url\":\"https:\/\/cremona.thestradshop.com\/store\/\",\"logo\":{\"@type\":\"ImageObject\",\"inLanguage\":\"en-GB\",\"@id\":\"https:\/\/cremona.thestradshop.com\/store\/#\/schema\/logo\/image\/\",\"url\":\"https:\/\/www.thestradshop.com\/store\/wp-content\/uploads\/2023\/05\/the-strad-shop-maintenance.png\",\"contentUrl\":\"https:\/\/www.thestradshop.com\/store\/wp-content\/uploads\/2023\/05\/the-strad-shop-maintenance.png\",\"width\":300,\"height\":62,\"caption\":\"The Strad\"},\"image\":{\"@id\":\"https:\/\/cremona.thestradshop.com\/store\/#\/schema\/logo\/image\/\"},\"sameAs\":[\"http:\/\/www.facebook.com\/pages\/The-Strad\/261337077226434\",\"https:\/\/x.com\/TheStradMag\",\"https:\/\/www.instagram.com\/the_strad_\/\",\"https:\/\/uk.linkedin.com\/company\/the-strad\"]}]}<\/script>\n<!-- \/ Yoast SEO plugin. -->","yoast_head_json":{"title":"Gasparo da Sal\u00f2 double bass c.1550 poster - The Strad Shop","description":"Gasparo da Sal\u00f2 double bass c.1550 poster. A magnificent double bass by the 16th-century Italian master Gasparo da Sal\u00f2, with original scroll.","robots":{"index":"noindex","follow":"follow","max-snippet":"max-snippet:-1","max-image-preview":"max-image-preview:large","max-video-preview":"max-video-preview:-1"},"og_locale":"en_GB","og_type":"article","og_title":"Gasparo da Sal\u00f2 double bass c.1550 poster - The Strad Shop","og_description":"Gasparo da Sal\u00f2 double bass c.1550 poster. A magnificent double bass by the 16th-century Italian master Gasparo da Sal\u00f2, with original scroll.","og_url":"https:\/\/cremona.thestradshop.com\/store\/thestrad\/gasparo-da-salo-double-bass-c-1550-poster\/","og_site_name":"The Strad Shop","article_publisher":"http:\/\/www.facebook.com\/pages\/The-Strad\/261337077226434","article_modified_time":"2025-09-27T15:49:46+00:00","og_image":[{"width":800,"height":800,"url":"https:\/\/cremona.thestradshop.com\/store\/wp-content\/uploads\/2022\/07\/P205.jpg","type":"image\/jpeg"}],"twitter_card":"summary_large_image","twitter_site":"@TheStradMag","twitter_misc":{"Estimated reading time":"1 minute"},"schema":{"@context":"https:\/\/schema.org","@graph":[{"@type":"WebPage","@id":"https:\/\/cremona.thestradshop.com\/store\/thestrad\/gasparo-da-salo-double-bass-c-1550-poster\/","url":"https:\/\/cremona.thestradshop.com\/store\/thestrad\/gasparo-da-salo-double-bass-c-1550-poster\/","name":"Gasparo da Sal\u00f2 double bass c.1550 poster - The Strad Shop","isPartOf":{"@id":"https:\/\/cremona.thestradshop.com\/store\/#website"},"primaryImageOfPage":{"@id":"https:\/\/cremona.thestradshop.com\/store\/thestrad\/gasparo-da-salo-double-bass-c-1550-poster\/#primaryimage"},"image":{"@id":"https:\/\/cremona.thestradshop.com\/store\/thestrad\/gasparo-da-salo-double-bass-c-1550-poster\/#primaryimage"},"thumbnailUrl":"https:\/\/cremona.thestradshop.com\/store\/wp-content\/uploads\/2022\/07\/P205.jpg","datePublished":"2024-09-23T21:59:28+00:00","dateModified":"2025-09-27T15:49:46+00:00","description":"Gasparo da Sal\u00f2 double bass c.1550 poster. A magnificent double bass by the 16th-century Italian master Gasparo da Sal\u00f2, with original scroll.","breadcrumb":{"@id":"https:\/\/cremona.thestradshop.com\/store\/thestrad\/gasparo-da-salo-double-bass-c-1550-poster\/#breadcrumb"},"inLanguage":"en-GB","potentialAction":[{"@type":"ReadAction","target":["https:\/\/cremona.thestradshop.com\/store\/thestrad\/gasparo-da-salo-double-bass-c-1550-poster\/"]}]},{"@type":"ImageObject","inLanguage":"en-GB","@id":"https:\/\/cremona.thestradshop.com\/store\/thestrad\/gasparo-da-salo-double-bass-c-1550-poster\/#primaryimage","url":"https:\/\/cremona.thestradshop.com\/store\/wp-content\/uploads\/2022\/07\/P205.jpg","contentUrl":"https:\/\/cremona.thestradshop.com\/store\/wp-content\/uploads\/2022\/07\/P205.jpg","width":800,"height":800},{"@type":"BreadcrumbList","@id":"https:\/\/cremona.thestradshop.com\/store\/thestrad\/gasparo-da-salo-double-bass-c-1550-poster\/#breadcrumb","itemListElement":[{"@type":"ListItem","position":1,"name":"Home","item":"https:\/\/cremona.thestradshop.com\/store\/"},{"@type":"ListItem","position":2,"name":"Explore our shop","item":"https:\/\/cremona.thestradshop.com\/store\/"},{"@type":"ListItem","position":3,"name":"Gasparo da Sal\u00f2 double bass c.1550 poster"}]},{"@type":"WebSite","@id":"https:\/\/cremona.thestradshop.com\/store\/#website","url":"https:\/\/cremona.thestradshop.com\/store\/","name":"The Strad Shop","description":"The Strad","publisher":{"@id":"https:\/\/cremona.thestradshop.com\/store\/#organization"},"potentialAction":[{"@type":"SearchAction","target":{"@type":"EntryPoint","urlTemplate":"https:\/\/cremona.thestradshop.com\/store\/?s={search_term_string}"},"query-input":{"@type":"PropertyValueSpecification","valueRequired":true,"valueName":"search_term_string"}}],"inLanguage":"en-GB"},{"@type":"Organization","@id":"https:\/\/cremona.thestradshop.com\/store\/#organization","name":"The Strad","url":"https:\/\/cremona.thestradshop.com\/store\/","logo":{"@type":"ImageObject","inLanguage":"en-GB","@id":"https:\/\/cremona.thestradshop.com\/store\/#\/schema\/logo\/image\/","url":"https:\/\/www.thestradshop.com\/store\/wp-content\/uploads\/2023\/05\/the-strad-shop-maintenance.png","contentUrl":"https:\/\/www.thestradshop.com\/store\/wp-content\/uploads\/2023\/05\/the-strad-shop-maintenance.png","width":300,"height":62,"caption":"The Strad"},"image":{"@id":"https:\/\/cremona.thestradshop.com\/store\/#\/schema\/logo\/image\/"},"sameAs":["http:\/\/www.facebook.com\/pages\/The-Strad\/261337077226434","https:\/\/x.com\/TheStradMag","https:\/\/www.instagram.com\/the_strad_\/","https:\/\/uk.linkedin.com\/company\/the-strad"]}]}},"_links":{"self":[{"href":"https:\/\/cremona.thestradshop.com\/store\/wp-json\/wp\/v2\/product\/139","targetHints":{"allow":["GET"]}}],"collection":[{"href":"https:\/\/cremona.thestradshop.com\/store\/wp-json\/wp\/v2\/product"}],"about":[{"href":"https:\/\/cremona.thestradshop.com\/store\/wp-json\/wp\/v2\/types\/product"}],"wp:featuredmedia":[{"embeddable":true,"href":"https:\/\/cremona.thestradshop.com\/store\/wp-json\/wp\/v2\/media\/1968"}],"wp:attachment":[{"href":"https:\/\/cremona.thestradshop.com\/store\/wp-json\/wp\/v2\/media?parent=139"}],"wp:term":[{"taxonomy":"product_brand","embeddable":true,"href":"https:\/\/cremona.thestradshop.com\/store\/wp-json\/wp\/v2\/product_brand?post=139"},{"taxonomy":"product_cat","embeddable":true,"href":"https:\/\/cremona.thestradshop.com\/store\/wp-json\/wp\/v2\/product_cat?post=139"},{"taxonomy":"product_tag","embeddable":true,"href":"https:\/\/cremona.thestradshop.com\/store\/wp-json\/wp\/v2\/product_tag?post=139"}],"curies":[{"name":"wp","href":"https:\/\/api.w.org\/{rel}","templated":true}]}}